{"id":53895,"date":"2023-08-08T14:48:33","date_gmt":"2023-08-08T12:48:33","guid":{"rendered":"https:\/\/mibebeyyo.mx\/revista-digital\/?page_id=53895"},"modified":"2023-09-25T09:02:29","modified_gmt":"2023-09-25T07:02:29","slug":"ninos-mas-inteligentes","status":"publish","type":"page","link":"https:\/\/mibebeyyo.mx\/revista-digital\/ninos-mas-inteligentes\/","title":{"rendered":"Revista Ni\u00f1os m\u00e1s inteligentes"},"content":{"rendered":"\n<h3 class=\"has-text-align-center wp-block-heading\" id=\"la-revista-para-papas-con-ninos-de-3-a-7-anos\">LA REVISTA PARA PAP\u00c1S CON <br>NI\u00d1OS DE 3 A 7 A\u00d1OS<\/h3>\n\n\n\n<h3 class=\"has-text-align-center wp-block-heading\" id=\"todo-sobre-los-temas-y-dudas-mas-frecuentes-de-esta-etapa\">Todo sobre los temas y dudas m\u00e1s <br>frecuentes de esta etapa<\/h3>\n","protected":false},"excerpt":{"rendered":"<p>LA REVISTA PARA PAP\u00c1S CON NI\u00d1OS DE 3 A 7 A\u00d1OS Todo sobre los temas y dudas m\u00e1s frecuentes de esta etapa<\/p>\n","protected":false},"author":26618,"featured_media":54091,"parent":0,"menu_order":0,"comment_status":"closed","ping_status":"closed","template":"template-magazines-home.php","meta":{"footnotes":""},"class_list":["post-53895","page","type-page","status-publish","has-post-thumbnail","hentry"],"_links":{"self":[{"href":"https:\/\/mibebeyyo.mx\/revista-digital\/wp-json\/wp\/v2\/pages\/53895","targetHints":{"allow":["GET"]}}],"collection":[{"href":"https:\/\/mibebeyyo.mx\/revista-digital\/wp-json\/wp\/v2\/pages"}],"about":[{"href":"https:\/\/mibebeyyo.mx\/revista-digital\/wp-json\/wp\/v2\/types\/page"}],"author":[{"embeddable":true,"href":"https:\/\/mibebeyyo.mx\/revista-digital\/wp-json\/wp\/v2\/users\/26618"}],"replies":[{"embeddable":true,"href":"https:\/\/mibebeyyo.mx\/revista-digital\/wp-json\/wp\/v2\/comments?post=53895"}],"version-history":[{"count":4,"href":"https:\/\/mibebeyyo.mx\/revista-digital\/wp-json\/wp\/v2\/pages\/53895\/revisions"}],"predecessor-version":[{"id":56184,"href":"https:\/\/mibebeyyo.mx\/revista-digital\/wp-json\/wp\/v2\/pages\/53895\/revisions\/56184"}],"wp:featuredmedia":[{"embeddable":true,"href":"https:\/\/mibebeyyo.mx\/revista-digital\/wp-json\/wp\/v2\/media\/54091"}],"wp:attachment":[{"href":"https:\/\/mibebeyyo.mx\/revista-digital\/wp-json\/wp\/v2\/media?parent=53895"}],"curies":[{"name":"wp","href":"https:\/\/api.w.org\/{rel}","templated":true}]}}