{"id":51730,"date":"2023-05-11T11:19:16","date_gmt":"2023-05-11T09:19:16","guid":{"rendered":"https:\/\/mibebeyyo.mx\/revista-digital\/?page_id=51730"},"modified":"2023-09-25T08:49:54","modified_gmt":"2023-09-25T06:49:54","slug":"personalizadas-embarazo","status":"publish","type":"page","link":"https:\/\/mibebeyyo.mx\/revista-digital\/personalizadas-embarazo\/","title":{"rendered":"Personalizadas del Embarazo"},"content":{"rendered":"\n<h3 class=\"has-text-align-center wp-block-heading\" id=\"la-revista-de-familia-mas-leida-en-europa-tambien-en-mexico-todo-lo-que-necesitas-saber-sobre-tu-embarazo-sintomas-cambios-crecimiento-del-bebe-cuidados-y-mas-semana-a-semana\">LA REVISTA DE FAMILIA M\u00c1S LE\u00cdDA EN EUROPA,<br>\u00a1TAMBI\u00c9N EN M\u00c9XICO!<br>Todo lo que necesitas saber sobre tu embarazo: s\u00edntomas, cambios, crecimiento del beb\u00e9, cuidados y m\u00e1s. \u00a1Semana a semana!<\/h3>\n","protected":false},"excerpt":{"rendered":"<p>LA REVISTA DE FAMILIA M\u00c1S LE\u00cdDA EN EUROPA,\u00a1TAMBI\u00c9N EN M\u00c9XICO!Todo lo que necesitas saber sobre tu embarazo: s\u00edntomas, cambios, crecimiento del beb\u00e9, cuidados y m\u00e1s. \u00a1Semana a semana!<\/p>\n","protected":false},"author":26618,"featured_media":56172,"parent":0,"menu_order":0,"comment_status":"closed","ping_status":"closed","template":"template-magazines-home.php","meta":{"footnotes":""},"class_list":["post-51730","page","type-page","status-publish","has-post-thumbnail","hentry"],"_links":{"self":[{"href":"https:\/\/mibebeyyo.mx\/revista-digital\/wp-json\/wp\/v2\/pages\/51730","targetHints":{"allow":["GET"]}}],"collection":[{"href":"https:\/\/mibebeyyo.mx\/revista-digital\/wp-json\/wp\/v2\/pages"}],"about":[{"href":"https:\/\/mibebeyyo.mx\/revista-digital\/wp-json\/wp\/v2\/types\/page"}],"author":[{"embeddable":true,"href":"https:\/\/mibebeyyo.mx\/revista-digital\/wp-json\/wp\/v2\/users\/26618"}],"replies":[{"embeddable":true,"href":"https:\/\/mibebeyyo.mx\/revista-digital\/wp-json\/wp\/v2\/comments?post=51730"}],"version-history":[{"count":3,"href":"https:\/\/mibebeyyo.mx\/revista-digital\/wp-json\/wp\/v2\/pages\/51730\/revisions"}],"predecessor-version":[{"id":56173,"href":"https:\/\/mibebeyyo.mx\/revista-digital\/wp-json\/wp\/v2\/pages\/51730\/revisions\/56173"}],"wp:featuredmedia":[{"embeddable":true,"href":"https:\/\/mibebeyyo.mx\/revista-digital\/wp-json\/wp\/v2\/media\/56172"}],"wp:attachment":[{"href":"https:\/\/mibebeyyo.mx\/revista-digital\/wp-json\/wp\/v2\/media?parent=51730"}],"curies":[{"name":"wp","href":"https:\/\/api.w.org\/{rel}","templated":true}]}}