{"id":3982,"date":"2013-07-19T05:44:55","date_gmt":"2013-07-19T05:44:55","guid":{"rendered":"http:\/\/portfoliotheme.org\/appdev\/?page_id=3982"},"modified":"2024-03-08T15:32:13","modified_gmt":"2024-03-08T14:32:13","slug":"home","status":"publish","type":"page","link":"https:\/\/mibebeyyo.mx\/revista-digital\/","title":{"rendered":"Home"},"content":{"rendered":"\n<h1 class=\"wp-block-heading has-text-align-center\">Todo sobre el embarazo, parto, beb\u00e9s, mam\u00e1s y ni\u00f1os<\/h1>\n\n\n\n<h4 class=\"wp-block-heading has-text-align-center\"><a href=\"https:\/\/mibebeyyo.mx\/revista-digital\/mi-bebe-y-yo\/\">Revista Mi beb\u00e9 y yo M\u00e9xico<\/a><\/h4>\n\n\n\n<h4 class=\"wp-block-heading has-text-align-center\"><a href=\"https:\/\/mibebeyyo.mx\/revista-digital\/personalizadas-embarazo\/\">Revista Personalizada embarazo<\/a><\/h4>\n\n\n\n<h4 class=\"wp-block-heading has-text-align-center\"><a href=\"https:\/\/mibebeyyo.mx\/revista-digital\/personalizadas-crecimiento\/\">Revista Personalizada crecimiento<\/a><\/h4>\n\n\n\n<h4 class=\"wp-block-heading has-text-align-center\"><a href=\"https:\/\/mibebeyyo.mx\/revista-digital\/9-meses-mas-baby\/\">Revista 9 meses + baby<\/a><\/h4>\n\n\n\n<h4 class=\"wp-block-heading has-text-align-center\"><a href=\"https:\/\/mibebeyyo.mx\/revista-digital\/ninos-mas-inteligentes\/\">Ni\u00f1os m\u00e1s inteligentes<\/a><\/h4>\n\n\n\n<!--more-->\n","protected":false},"excerpt":{"rendered":"<p>Todo sobre el embarazo, parto, beb\u00e9s, mam\u00e1s y ni\u00f1os Revista Mi beb\u00e9 y yo M\u00e9xico Revista Personalizada embarazo Revista Personalizada crecimiento Revista 9 meses + baby Ni\u00f1os m\u00e1s inteligentes<\/p>\n","protected":false},"author":26618,"featured_media":58418,"parent":0,"menu_order":1,"comment_status":"open","ping_status":"open","template":"template-magazines-home.php","meta":{"footnotes":""},"class_list":["post-3982","page","type-page","status-publish","has-post-thumbnail","hentry"],"_links":{"self":[{"href":"https:\/\/mibebeyyo.mx\/revista-digital\/wp-json\/wp\/v2\/pages\/3982","targetHints":{"allow":["GET"]}}],"collection":[{"href":"https:\/\/mibebeyyo.mx\/revista-digital\/wp-json\/wp\/v2\/pages"}],"about":[{"href":"https:\/\/mibebeyyo.mx\/revista-digital\/wp-json\/wp\/v2\/types\/page"}],"author":[{"embeddable":true,"href":"https:\/\/mibebeyyo.mx\/revista-digital\/wp-json\/wp\/v2\/users\/26618"}],"replies":[{"embeddable":true,"href":"https:\/\/mibebeyyo.mx\/revista-digital\/wp-json\/wp\/v2\/comments?post=3982"}],"version-history":[{"count":19,"href":"https:\/\/mibebeyyo.mx\/revista-digital\/wp-json\/wp\/v2\/pages\/3982\/revisions"}],"predecessor-version":[{"id":62575,"href":"https:\/\/mibebeyyo.mx\/revista-digital\/wp-json\/wp\/v2\/pages\/3982\/revisions\/62575"}],"wp:featuredmedia":[{"embeddable":true,"href":"https:\/\/mibebeyyo.mx\/revista-digital\/wp-json\/wp\/v2\/media\/58418"}],"wp:attachment":[{"href":"https:\/\/mibebeyyo.mx\/revista-digital\/wp-json\/wp\/v2\/media?parent=3982"}],"curies":[{"name":"wp","href":"https:\/\/api.w.org\/{rel}","templated":true}]}}