{"id":15781,"date":"2016-08-02T11:12:42","date_gmt":"2016-08-02T10:12:42","guid":{"rendered":"http:\/\/www.omeubebe.com\/?page_id=15781"},"modified":"2018-02-01T14:38:26","modified_gmt":"2018-02-01T14:38:26","slug":"bases-legais-do-sorteio","status":"publish","type":"page","link":"https:\/\/mibebeyyo.mx\/revista-digital\/bases-legais-do-sorteio\/","title":{"rendered":"Bases legais do sorteio"},"content":{"rendered":"<h1><strong><span style=\"font-size: 22px;\">Subscri\u00e7\u00e3o gratuita da revista digital My baby and I<\/span><\/strong><\/h1>\n<h2 class=\"introText\"><span style=\"font-size: 14px;\">SFERA EDITORES ESPA\u00d1A S.L. decidiu realizar a promo\u00e7\u00e3o \u201cSorteio de um carrinho de beb\u00ea Chicco Lite Way 2\u201d, \u201cSorteio de 1 ano de fraldas Pampers\u201d com o fim de promocionar subscri\u00e7\u00f5es \u00e0 revista digital My baby and I.<\/span><\/h2>\n<p><strong>1.- \u00c2MBITO DE APLICA\u00c7\u00c3O<\/strong><\/p>\n<p>A promo\u00e7\u00e3o \u201cSorteio de um carrinho de beb\u00ea Chicco Lite Way 2\u201d e \u201cSorteio de 1 ano de fraldas Pampers\u201d come\u00e7a no dia 1 de Janeiro de 2017 e caduca, a todos os efeitos, no dia 17 de Dezembro de 2017. O \u00e2mbito territorial de aplica\u00e7\u00e3o desta promo\u00e7\u00e3o \u00e9 nacional (Brasil) e a participa\u00e7\u00e3o \u00e9 gratuita. A promo\u00e7\u00e3o comunica-se com banners publicit\u00e1rios em Google e Facebook.<\/p>\n<p><strong>2.- MEC\u00c2NICA PROMOCIONAL<\/strong><\/p>\n<p>Entre todos os internautas\/visitantes residentes em territ\u00f3rio nacional (Brasil) que subscrevam a revista digital My baby and I na promo\u00e7\u00e3o:<\/p>\n<p>\u201cSorteio de 1 carrinho de beb\u00ea Chicco Lite Way 2\u201d<\/p>\n<p>\u201cSorteio de 1 ano de fraldas Pampers\u201d<\/p>\n<p>Atrav\u00e9s do formul\u00e1rio em <a href=\"http:\/\/www.omeubebe.com\/forms\/registo\/crecimiento-bebe\">www.omeubebe.com\/forms\/registo\/crecimiento-bebe<\/a> e tamb\u00e9m dispon\u00edvel em <a href=\"https:\/\/www.omeubebe.com\/forms\/registo\/nombres-bebe\">https:\/\/www.omeubebe.com\/forms\/registo\/nombres-bebe<\/a>\u00a0 entre os dias 1 de Abril e 17 de dezembro de 2017 ser\u00e1 sorteado um carrinho de passeio Chicco Lite Way 2 e um ano de fraldas Pampers gr\u00e1tis.<\/p>\n<p>Data do sorteio \u201cSorteio de 1 carrinho de beb\u00ea Chicco Lite Way 2\u201d e\u00a0 \u201cSorteio de 1 ano de fraldas Pampers\u201d: 20 de dezembro de 2017<\/p>\n<p>Os sorteio ser\u00e3o realizados mediante Sortea2 na data indicada e ser\u00e3o escolhidos 2 vencedores: um vencedor do carrinho de passeio Chicco Lite Way 2 e um vencedor de um ano de fraldas Pampers, entre os registos efetuados entre os dias estipulados para o sorteio que constitui esta promo\u00e7\u00e3o.<\/p>\n<p>Tamb\u00e9m ser\u00e3o selecionados cinco suplentes com direito a pr\u00e9mio em fun\u00e7\u00e3o da ordem de elei\u00e7\u00e3o, para o caso de que n\u00e3o se possa entrar em contacto com algum dos vencedores.<\/p>\n<p>&#8211; Comunica\u00e7\u00e3o com os vencedores: Mediante chamada telef\u00f3nica ao n\u00famero indicado no registo. Em caso de n\u00e3o se poder contactar com o vencedor\/a, durante os 5 dias que precedem a celebra\u00e7\u00e3o do sorteio, ser\u00e1 selecionada o\/a seguinte suplente e assim sucessivamente.<\/p>\n<p>&#8211; Envio do pr\u00e9mio: O pr\u00e9mio ser\u00e1 enviado por correio \u00e0 morada indicada no registo da promo\u00e7\u00e3o, nos cinco dias que precedem a celebra\u00e7\u00e3o do sorteio.<\/p>\n<p>O sorteio ser\u00e1 realizado mediante Sortea2 na data indicada e ser\u00e3o escolhidos 6 vencedores: um vencedor do carrinho de passeio Chicco Little Way 2 e cinco vencedores de um cheque oferta Zippy no valor de 100\u20ac, entre os registos efetuados entre os dias 1 de agosto de 31 de dezembro de 2016, ambos inclusive.<\/p>\n<p><strong>3.-PR\u00c9MIOS DA PROMO\u00c7\u00c3O<\/strong><\/p>\n<p>No total, ser\u00e3o sorteados 2 pr\u00e9mios:<\/p>\n<p>&#8211; Um carrinho de passeio Chicco Lite Way 2<\/p>\n<p>&#8211; Um ano de fraldas Pampers gr\u00e1tis<\/p>\n<p>entre todos os internautas\/visitantes que se tenham inscrito gratuitamente atrav\u00e9s do formul\u00e1rio dispon\u00edvel em <a href=\"https:\/\/www.omeubebe.com\/forms\/registo\/nombres-bebe\">https:\/\/www.omeubebe.com\/forms\/registo\/nombres-bebe<\/a> ou em <a href=\"https:\/\/www.omeubebe.com\/forms\/registo\/crecimiento-bebe\">https:\/\/www.omeubebe.com\/forms\/registo\/crecimiento-bebe<\/a>, durante o per\u00edodo estabelecido para os sorteios que constituem esta promo\u00e7\u00e3o.<\/p>\n<p>Os pr\u00e9mios est\u00e3o sujeitos a disponibilidade. No caso de rotura de stock, ser\u00e1 enviado um pr\u00e9mio de igual valor.<\/p>\n<p><strong>4.- CONSIDERA\u00c7\u00d5ES GERAIS<\/strong><\/p>\n<p>4.1.- Os pr\u00e9mios desta promo\u00e7\u00e3o N\u00c3O s\u00e3o cambi\u00e1veis por dinheiro ou por outros artigos.<\/p>\n<p>4.2.- SFERA EDITORES ESPA\u00d1A S.L. reserva-se no direito de usar o nome, morada e fotograf\u00eda dos concursantes a efeitos da sua utiliza\u00e7\u00e3o para fins publicit\u00e1rios, mediante autoriza\u00e7\u00e3o pr\u00e9via expl\u00edcita.<\/p>\n<p>4.3.- Os concursantes consentem com a sua participa\u00e7\u00e3o nesta promo\u00e7\u00e3o, que os seus dados pessoais incorporem um ficheiro automatizado de SFERA EDITORES ESPA\u00d1A S.L., com domic\u00edlio em-Parque de Neg\u00f3cios Mas Blau-Edif\u00edcio Prima Muntadas-C\/Solson\u00e9s B-2-08820 El Prat de Llobregat-Barcelona &#8211; Espanha, nos termos e condi\u00e7\u00f5es estabelecidas no apartado 9\u00ba das condi\u00e7\u00f5es legais de subscri\u00e7\u00e3o da revista digital My baby and I e com finalidade comercial, publicit\u00e1ria e para a participa\u00e7\u00e3o no sorteio. Em qualquer momento, poder\u00e3o aceder, retificar, cancelar ou oponer-se ao tratamento dos seus dados, dirigindo-se por escrito a<\/p>\n<p>SFERA EDITORES ESPA\u00d1A S.L.<\/p>\n<p>Parque de Neg\u00f3cios Mas Blau<\/p>\n<p>Edif\u00edcio Prima Muntadas<\/p>\n<p>C\/Solson\u00e9s B-2-08820<\/p>\n<p>El Prat de Llobregat<\/p>\n<p>Barcelona<\/p>\n<p>Espa\u00f1a<\/p>\n<p>4.4.- A simples participa\u00e7\u00e3o no concurso implica a aceita\u00e7\u00e3o destas bases na sua totalidade, pelo que a manifesta\u00e7\u00e3o de n\u00e3o aceita\u00e7\u00e3o das mesma, pressup\u00f5e a exclus\u00e3o do participante e, como consequencia da mesma, SFERA EDITORES ESPA\u00d1A S.L. fica livre do cumprimento da obriga\u00e7\u00e3o contra\u00edda com dito participante.<\/p>\n<p>4.5.- SFERA EDITORES ESPA\u00d1A S.L. reserva-se no direito de efetuar qualquer altera\u00e7\u00e3o, suspender ou ampliar esta promo\u00e7\u00e3o, sempre que exista uma causa que o justifique.<\/p>\n<p>4.6.- SFERA EDITORES ESPA\u00d1A S.L. reserva-se no direito de empreender ac\u00e7\u00f5es judiciais contra aquelas pessoas que realizem qualquer tipo de ato suscept\u00edvel de ser considerado manipula\u00e7\u00e3o ou falsifica\u00e7\u00e3o do jogo.<\/p>\n<p>4.7.- Para o conhecimento de qualquer lit\u00edgio que se podera colocar relativmanete \u00e0 interpreta\u00e7\u00e3o ou aplica\u00e7\u00e3o das presentes bases, SFERA EDITORES ESPA\u00d1A S.L., assim como os participantes nesta promo\u00e7\u00e3o, submetem-se expresamente \u00e0 jurisdi\u00e7\u00e3o e compet\u00eancia dos ju\u00edzes e tribunais de Barcelona Capital, com renuncia expressa a qualquer outro direito que lhes corresponda ou fora pr\u00f3prio se o tivessem<\/p>\n<p><strong>5.- CADUCIDADE DA PROMO\u00c7\u00c3O<\/strong><br \/>\nEsta promo\u00e7\u00e3o caduca, para todos os efeitos, no dia 17 de dezembro de 2017 para os sorteios \u201cSorteio de 1 carrinho de beb\u00ea Chicco Lite Way 2\u201d e \u201cSorteio de 1 ano de fraldas Pampers\u201d. pelo que qualquer internauta\/visitante registado na p\u00e1gina web Omeubebe.com com posterioridade a ditas datas, n\u00e3o ter\u00e1 direito a participar nesta promo\u00e7\u00e3o.<\/p>\n<p><strong>6.- CADUDICADE DA ENTREGA DOS PR\u00c9MIOS<\/strong><br \/>\nOs vencedores t\u00eam um prazo de 5 dias para responder ao contacto telef\u00f3nico por parte de Sfera Ediroes. Transcurrido este prazo perder\u00e3o o direito a reclamar o pr\u00e9mio que ser\u00e1 entregue ao suplente que corresponda por ordem de elei\u00e7\u00e3o.<br \/>\n<strong>7.- EXCLUS\u00d5ES \u00c0 PROMO\u00c7\u00c3O <\/strong><br \/>\nEst\u00e3o excluidos de participar nesta promo\u00e7\u00e3o todos os empresados de SFERA EDITORES ESPA\u00d1A S.L. e todos os empregados dsquelas empresas integradas na realiza\u00e7\u00e3o desta promo\u00e7\u00e3o, os familiares de primeiro e segundo grau das mesmas, assim como aquelas pessoas que tenham uma rela\u00e7\u00e3o direta ou indireta com as anteriormente citadas.<\/p>\n","protected":false},"excerpt":{"rendered":"<p>Subscri\u00e7\u00e3o gratuita da revista digital My baby and I SFERA EDITORES ESPA\u00d1A S.L. decidiu realizar a promo\u00e7\u00e3o \u201cSorteio de um carrinho de beb\u00ea Chicco Lite Way 2\u201d, \u201cSorteio de 1 ano de fraldas Pampers\u201d com o fim de promocionar subscri\u00e7\u00f5es \u00e0 revista digital My baby and I. 1.- \u00c2MBITO DE APLICA\u00c7\u00c3O A promo\u00e7\u00e3o \u201cSorteio de [&hellip;]<\/p>\n","protected":false},"author":5,"featured_media":0,"parent":0,"menu_order":0,"comment_status":"closed","ping_status":"closed","template":"","meta":{"footnotes":""},"class_list":["post-15781","page","type-page","status-publish","hentry"],"_links":{"self":[{"href":"https:\/\/mibebeyyo.mx\/revista-digital\/wp-json\/wp\/v2\/pages\/15781","targetHints":{"allow":["GET"]}}],"collection":[{"href":"https:\/\/mibebeyyo.mx\/revista-digital\/wp-json\/wp\/v2\/pages"}],"about":[{"href":"https:\/\/mibebeyyo.mx\/revista-digital\/wp-json\/wp\/v2\/types\/page"}],"author":[{"embeddable":true,"href":"https:\/\/mibebeyyo.mx\/revista-digital\/wp-json\/wp\/v2\/users\/5"}],"replies":[{"embeddable":true,"href":"https:\/\/mibebeyyo.mx\/revista-digital\/wp-json\/wp\/v2\/comments?post=15781"}],"version-history":[{"count":12,"href":"https:\/\/mibebeyyo.mx\/revista-digital\/wp-json\/wp\/v2\/pages\/15781\/revisions"}],"predecessor-version":[{"id":16474,"href":"https:\/\/mibebeyyo.mx\/revista-digital\/wp-json\/wp\/v2\/pages\/15781\/revisions\/16474"}],"wp:attachment":[{"href":"https:\/\/mibebeyyo.mx\/revista-digital\/wp-json\/wp\/v2\/media?parent=15781"}],"curies":[{"name":"wp","href":"https:\/\/api.w.org\/{rel}","templated":true}]}}